{"id":2182,"date":"2024-09-13T15:09:44","date_gmt":"2024-09-13T13:09:44","guid":{"rendered":"https:\/\/www.kongresgospodarkisenioralnej.pl\/2024\/?page_id=2182"},"modified":"2024-09-13T15:09:44","modified_gmt":"2024-09-13T13:09:44","slug":"nagrania-5","status":"publish","type":"page","link":"https:\/\/www.kongresgospodarkisenioralnej.pl\/2024\/nagrania-5","title":{"rendered":"Nagrania-5"},"content":{"rendered":"<div id=\"wppb-builder-container\" class=\"wppb-builder-container\">                <div  class=\"wppb-row-parent  wppb-row-1726232992211 \"  >\n\t\t\t\t\t\n\t\t\t\t\t\t\t\t\t\t\n\t\t\t\t\t\t\t\t\t\t\n\t\t\t\t\t<div class=\"wppb-container wppb-container-full\">\n\t\t\t\t\t\t\t\t\t\t\t\t\t\n                        <div class=\"wppb-row\">\n\t\t\t\t\t\t\t                                    <div  class=\"wppb-column-parent wppb-column-parent-view wppb-col-1726232992212  \"  >\n                                        <div class=\"wppb-column\">\n\t\t\t\t\t\n\t\t\t\t\t\t\t\t\t\t\t\n                                            <div class=\"wppb-builder-addons\">\n\t\t\t\t\t\t\t\t\t\t\t\t                                            <\/div>\n                                        <\/div>\n                                    <\/div>\n\t\t\t\t\t\t\t\t\t                                    <div  class=\"wppb-column-parent wppb-column-parent-view wppb-col-1726232992213  \"  >\n                                        <div class=\"wppb-column\">\n\t\t\t\t\t\n\t\t\t\t\t\t\t\t\t\t\t\n                                            <div class=\"wppb-builder-addons\">\n\t\t\t\t\t\t\t\t\t\t\t\t<div class='wppb-builder-addon wppb-addon-1726232992214'  data-addon-id='1726232992214'><div class='wppb-addon'><div class=\"wppb-headline-addon\"><div class=\"wppb-headline-content\"><h1 class=\"wppb-addon-title\">VIII Kongres Gospodarki Senioralnej<\/h1><\/div><\/div><\/div><\/div><div class='wppb-builder-addon wppb-addon-1726232992215'  data-addon-id='1726232992215'><div class='wppb-addon'><div class=\"wppb-headline-addon\"><div class=\"wppb-headline-content\"><h1 class=\"wppb-addon-title\">11 wrze\u015bnia 2024 r.<\/h1><\/div><\/div><\/div><\/div>                                            <\/div>\n                                        <\/div>\n                                    <\/div>\n\t\t\t\t\t\t\t\t\t                        <\/div>\n\n                    <\/div>\n                <\/div>\n\t\t\t\t                <div  class=\"wppb-row-parent  wppb-row-1726232992216 \"  >\n\t\t\t\t\t\n\t\t\t\t\t\t\t\t\t\t\n\t\t\t\t\t\t\t\t\t\t\n\t\t\t\t\t<div class=\"wppb-container wppb-container-full wppb-contaner-no-gutter\">\n\t\t\t\t\t\t\t\t\t\t\t\t\t\n                        <div class=\"wppb-row\">\n\t\t\t\t\t\t\t                                    <div  class=\"wppb-column-parent wppb-column-parent-view wppb-col-1726232992217  \"  >\n                                        <div class=\"wppb-column\">\n\t\t\t\t\t\n\t\t\t\t\t\t\t\t\t\t\t\n                                            <div class=\"wppb-builder-addons\">\n\t\t\t\t\t\t\t\t\t\t\t\t<div class='wppb-builder-addon wppb-addon-1726232992218'  data-addon-id='1726232992218'><div class='wppb-addon'><div class=\"wppb-headline-addon\"><div class=\"wppb-headline-content\"><h2 class=\"wppb-addon-title\">Nagrania<\/h2><\/div><\/div><\/div><\/div>                                            <\/div>\n                                        <\/div>\n                                    <\/div>\n\t\t\t\t\t\t\t\t\t                                    <div  class=\"wppb-column-parent wppb-column-parent-view wppb-col-1726232992219  \"  >\n                                        <div class=\"wppb-column\">\n\t\t\t\t\t\n\t\t\t\t\t\t\t\t\t\t\t\n                                            <div class=\"wppb-builder-addons\">\n\t\t\t\t\t\t\t\t\t\t\t\t            <div  class=\"wppb-row-parent wppb-inner-row-parent wppb-row-1726232992220 \">\n\t\t\t\n\t\t\t\t\t\t\n\t\t\t\t<div class=\"wppb-container\">\n                    <div class=\"wppb-row\">\n\t\t\t\t\t\t                                <div  class=\"wppb-column-parent wppb-column-parent-view wppb-col-1726232992221  \" >\n                                    <div class=\"wppb-column\">\n                                        <div class=\"wppb-builder-addons\">\n\t\t\t\t\t\t\t\t\t\t\t<div  class='wppb-builder-addon wppb-addon-1726232992222   '   ><div class='wppb-addon'><div class=\"wppb-animated-counter-addon\"><div class=\"wppb-animated-counter-content animated-layout-two\"><div class=\"wppb-count-number-title\">uczestnik\u00f3w on-line<\/div><div class=\"wppb-counter-number\" data-digit=\"2500\" data-duration=\"\">0<\/div><\/div><\/div><\/div><\/div>                                        <\/div>\n                                    <\/div>\n                                <\/div>\n\t\t\t\t\t\t\t\t                                <div  class=\"wppb-column-parent wppb-column-parent-view wppb-col-1726232992223  \" >\n                                    <div class=\"wppb-column\">\n                                        <div class=\"wppb-builder-addons\">\n\t\t\t\t\t\t\t\t\t\t\t<div  class='wppb-builder-addon wppb-addon-1726232992224   '   ><div class='wppb-inner_addon'><div class=\"wppb-animated-counter-addon\"><div class=\"wppb-animated-counter-content animated-layout-two\"><div class=\"wppb-count-number-title\">go\u015bci na miejscu<\/div><div class=\"wppb-counter-number\" data-digit=\"500\" data-duration=\"500\">0<\/div><\/div><\/div><\/div><\/div>                                        <\/div>\n                                    <\/div>\n                                <\/div>\n\t\t\t\t\t\t\t\t                                <div  class=\"wppb-column-parent wppb-column-parent-view wppb-col-1726232992225  \" >\n                                    <div class=\"wppb-column\">\n                                        <div class=\"wppb-builder-addons\">\n\t\t\t\t\t\t\t\t\t\t\t<div  class='wppb-builder-addon wppb-addon-1726232992226   '   ><div class='wppb-inner_addon'><div class=\"wppb-animated-counter-addon\"><div class=\"wppb-animated-counter-content animated-layout-two\"><div class=\"wppb-count-number-title\">m\u00f3wc\u00f3w<\/div><div class=\"wppb-counter-number\" data-digit=\"30\" data-duration=\"1000\">0<\/div><\/div><\/div><\/div><\/div>                                        <\/div>\n                                    <\/div>\n                                <\/div>\n\t\t\t\t\t\t\t\t                                <div  class=\"wppb-column-parent wppb-column-parent-view wppb-col-1726232992227  \" >\n                                    <div class=\"wppb-column\">\n                                        <div class=\"wppb-builder-addons\">\n\t\t\t\t\t\t\t\t\t\t\t                                        <\/div>\n                                    <\/div>\n                                <\/div>\n\t\t\t\t\t\t\t\t                    <\/div>\n                <\/div>\n            <\/div>\n\t\t\t                                            <\/div>\n                                        <\/div>\n                                    <\/div>\n\t\t\t\t\t\t\t\t\t                        <\/div>\n\n                    <\/div>\n                <\/div>\n\t\t\t\t                <div  class=\"wppb-row-parent  wppb-row-1726232992228 \"  >\n\t\t\t\t\t\n\t\t\t\t\t\t\t\t\t\t\n\t\t\t\t\t\t\t\t\t\t\n\t\t\t\t\t<div class=\"wppb-container \">\n\t\t\t\t\t\t\t\t\t\t\t\t\t\n                        <div class=\"wppb-row\">\n\t\t\t\t\t\t\t                                    <div  class=\"wppb-column-parent wppb-column-parent-view wppb-col-1726232992229  \"  >\n                                        <div class=\"wppb-column\">\n\t\t\t\t\t\n\t\t\t\t\t\t\t\t\t\t\t\n                                            <div class=\"wppb-builder-addons\">\n\t\t\t\t\t\t\t\t\t\t\t\t<div class='wppb-builder-addon wppb-addon-1726232992230'  data-addon-id='1726232992230'><div class='wppb-addon'><div class=\"wppb-headline-addon\"><div class=\"wppb-headline-content\"><h3 class=\"wppb-addon-title\">Osoby 50+ jako pracownicy przysz\u0142o\u015bci: szanse i wyzwania - prezentacja raportu z bada\u0144<\/h3><\/div><\/div><\/div><\/div>                                            <\/div>\n                                        <\/div>\n                                    <\/div>\n\t\t\t\t\t\t\t\t\t                        <\/div>\n\n                    <\/div>\n                <\/div>\n\t\t\t\t                <div  class=\"wppb-row-parent  wppb-row-1726232992231 \"  >\n\t\t\t\t\t\n\t\t\t\t\t\t\t\t\t\t\n\t\t\t\t\t\t\t\t\t\t\n\t\t\t\t\t<div class=\"wppb-container \">\n\t\t\t\t\t\t\t\t\t\t\t\t\t\n                        <div class=\"wppb-row\">\n\t\t\t\t\t\t\t                                    <div  class=\"wppb-column-parent wppb-column-parent-view wppb-col-1726232992232  \"  >\n                                        <div class=\"wppb-column\">\n\t\t\t\t\t\n\t\t\t\t\t\t\t\t\t\t\t\n                                            <div class=\"wppb-builder-addons\">\n\t\t\t\t\t\t\t\t\t\t\t\t<div class='wppb-builder-addon wppb-addon-1726232992233'  data-addon-id='1726232992233'><div class='wppb-addon'><div class=\"wppb-video-addon\"><div class=\"wppb-video-content\"><div class=\"wppb-video-block wppb-embed-responsive wppb-embed-responsive-16by9\"><iframe class=\"wppb-embed-responsive-item\" src=\"\/\/www.youtube.com\/embed\/KrQKxwTV8aA?controls=1&#038;modestbranding=1\" allowFullScreen><\/iframe><\/div><\/div><\/div><\/div><\/div>                                            <\/div>\n                                        <\/div>\n                                    <\/div>\n\t\t\t\t\t\t\t\t\t                        <\/div>\n\n                    <\/div>\n                <\/div>\n\t\t\t\t                <div  class=\"wppb-row-parent  wppb-row-1726232992234 \"  >\n\t\t\t\t\t\n\t\t\t\t\t\t\t\t\t\t\n\t\t\t\t\t\t\t\t\t\t\n\t\t\t\t\t<div class=\"wppb-container \">\n\t\t\t\t\t\t\t\t\t\t\t\t\t\n                        <div class=\"wppb-row\">\n\t\t\t\t\t\t\t                                    <div  class=\"wppb-column-parent wppb-column-parent-view wppb-col-1726232992235  \"  >\n                                        <div class=\"wppb-column\">\n\t\t\t\t\t\n\t\t\t\t\t\t\t\t\t\t\t\n                                            <div class=\"wppb-builder-addons\">\n\t\t\t\t\t\t\t\t\t\t\t\t            <div  class=\"wppb-row-parent wppb-inner-row-parent wppb-row-1726232992236 \">\n\t\t\t\n\t\t\t\t\t\t\n\t\t\t\t<div class=\"wppb-container\">\n                    <div class=\"wppb-row\">\n\t\t\t\t\t\t                                <div  class=\"wppb-column-parent wppb-column-parent-view wppb-col-1726232992237  \" >\n                                    <div class=\"wppb-column\">\n                                        <div class=\"wppb-builder-addons\">\n\t\t\t\t\t\t\t\t\t\t\t<div  class='wppb-builder-addon wppb-addon-1726232992238   '   ><div class='wppb-inner_addon'><div class=\"wppb-addon wppb-button-addon\"><div class=\"wppb-button-addon-content\"><a  href=\"https:\/\/www.kongresgospodarkisenioralnej.pl\/2024\/nagrania-4\" target=_self class=\"wppb-btn-addons  wppb-btn-custom wppb-btn-rounded wppb-btn-standard wppb-btn-no\">&lt;<\/a><\/div><\/div><\/div><\/div>                                        <\/div>\n                                    <\/div>\n                                <\/div>\n\t\t\t\t\t\t\t\t                                <div  class=\"wppb-column-parent wppb-column-parent-view wppb-col-1726232992239  \" >\n                                    <div class=\"wppb-column\">\n                                        <div class=\"wppb-builder-addons\">\n\t\t\t\t\t\t\t\t\t\t\t<div  class='wppb-builder-addon wppb-addon-1726232992240   '   ><div class='wppb-inner_addon'><div class=\"wppb-headline-addon\"><div class=\"wppb-headline-content\"><h2 class=\"wppb-addon-title\">Kto si\u0119 czuje dyskryminowany w pracy? Starsi, m\u0142odsi, a mo\u017ce wszyscy?<\/h2><\/div><\/div><\/div><\/div>                                        <\/div>\n                                    <\/div>\n                                <\/div>\n\t\t\t\t\t\t\t\t                    <\/div>\n                <\/div>\n            <\/div>\n\t\t\t                                            <\/div>\n                                        <\/div>\n                                    <\/div>\n\t\t\t\t\t\t\t\t\t                                    <div  class=\"wppb-column-parent wppb-column-parent-view wppb-col-1726232992241  \"  >\n                                        <div class=\"wppb-column\">\n\t\t\t\t\t\n\t\t\t\t\t\t\t\t\t\t\t\n                                            <div class=\"wppb-builder-addons\">\n\t\t\t\t\t\t\t\t\t\t\t\t            <div  class=\"wppb-row-parent wppb-inner-row-parent wppb-row-1726232992242 \">\n\t\t\t\n\t\t\t\t\t\t\n\t\t\t\t<div class=\"wppb-container\">\n                    <div class=\"wppb-row\">\n\t\t\t\t\t\t                                <div  class=\"wppb-column-parent wppb-column-parent-view wppb-col-1726232992243  \" >\n                                    <div class=\"wppb-column\">\n                                        <div class=\"wppb-builder-addons\">\n\t\t\t\t\t\t\t\t\t\t\t<div  class='wppb-builder-addon wppb-addon-1726232992244   '   ><div class='wppb-inner_addon'><div class=\"wppb-headline-addon\"><div class=\"wppb-headline-content\"><h2 class=\"wppb-addon-title\">Debata: Przeprojektowanie trzeciej \u0107wiartki.<\/h2><\/div><\/div><\/div><\/div><div  class='wppb-builder-addon wppb-addon-1726312921918   '   ><div class='wppb-inner_addon'><div class=\"wppb-headline-addon\"><div class=\"wppb-headline-content\"><h2 class=\"wppb-addon-title\">Nowa era dojrza\u0142o\u015bci<\/h2><\/div><\/div><\/div><\/div>                                        <\/div>\n                                    <\/div>\n                                <\/div>\n\t\t\t\t\t\t\t\t                                <div  class=\"wppb-column-parent wppb-column-parent-view wppb-col-1726232992245  \" >\n                                    <div class=\"wppb-column\">\n                                        <div class=\"wppb-builder-addons\">\n\t\t\t\t\t\t\t\t\t\t\t<div  class='wppb-builder-addon wppb-addon-1726232992246   '   ><div class='wppb-inner_addon'><div class=\"wppb-addon wppb-button-addon\"><div class=\"wppb-button-addon-content\"><a  href=\"https:\/\/www.kongresgospodarkisenioralnej.pl\/2024\/nagrania-6\" target=_self class=\"wppb-btn-addons  wppb-btn-custom wppb-btn-rounded wppb-btn-standard wppb-btn-no\">&gt;<\/a><\/div><\/div><\/div><\/div>                                        <\/div>\n                                    <\/div>\n                                <\/div>\n\t\t\t\t\t\t\t\t                    <\/div>\n                <\/div>\n            <\/div>\n\t\t\t                                            <\/div>\n                                        <\/div>\n                                    <\/div>\n\t\t\t\t\t\t\t\t\t                        <\/div>\n\n                    <\/div>\n                <\/div>\n\t\t\t\t                <div  class=\"wppb-row-parent  wppb-row-1726232992247 \"  >\n\t\t\t\t\t\n\t\t\t\t\t\t\t\t\t\t\n\t\t\t\t\t\t\t\t\t\t\n\t\t\t\t\t<div class=\"wppb-container \">\n\t\t\t\t\t\t\t\t\t\t\t\t\t\n                        <div class=\"wppb-row\">\n\t\t\t\t\t\t\t                                    <div  class=\"wppb-column-parent wppb-column-parent-view wppb-col-1726232992248  \"  >\n                                        <div class=\"wppb-column\">\n\t\t\t\t\t\n\t\t\t\t\t\t\t\t\t\t\t\n                                            <div class=\"wppb-builder-addons\">\n\t\t\t\t\t\t\t\t\t\t\t\t<div class='wppb-builder-addon wppb-addon-1726232992249'  data-addon-id='1726232992249'><div class='wppb-addon'><div class=\"wppb-headline-addon\"><div class=\"wppb-headline-content\"><h2 class=\"wppb-addon-title\">#R\u00f3wne Szanse<\/h2><\/div><\/div><\/div><\/div>                                            <\/div>\n                                        <\/div>\n                                    <\/div>\n\t\t\t\t\t\t\t\t\t                        <\/div>\n\n                    <\/div>\n                <\/div>\n\t\t\t\t<\/div>","protected":false},"excerpt":{"rendered":"<p>VIII Kongres Gospodarki Senioralnej11 wrze\u015bnia 2024 r. Nagrania uczestnik\u00f3w on-line0 go\u015bci na miejscu0 m\u00f3wc\u00f3w0 Osoby 50+ jako pracownicy przysz\u0142o\u015bci: szanse i wyzwania &#8211; prezentacja raportu z bada\u0144 &lt; Kto si\u0119 czuje dyskryminowany w pracy? Starsi, m\u0142odsi, a mo\u017ce wszyscy? Debata: Przeprojektowanie trzeciej \u0107wiartki.Nowa era dojrza\u0142o\u015bci &gt; #R\u00f3wne Szanse<\/p>\n","protected":false},"author":1,"featured_media":0,"parent":0,"menu_order":0,"comment_status":"closed","ping_status":"closed","template":"wppb_theme_template","meta":{"ngg_post_thumbnail":0,"footnotes":""},"class_list":["post-2182","page","type-page","status-publish","hentry"],"yoast_head":"<!-- This site is optimized with the Yoast SEO plugin v23.4 - https:\/\/yoast.com\/wordpress\/plugins\/seo\/ -->\n<title>Nagrania-5 - Kongres Gospodarki Senioralnej<\/title>\n<meta name=\"robots\" content=\"index, follow, max-snippet:-1, max-image-preview:large, max-video-preview:-1\" \/>\n<link rel=\"canonical\" href=\"https:\/\/www.kongresgospodarkisenioralnej.pl\/2024\/nagrania-5\" \/>\n<meta property=\"og:locale\" content=\"pl_PL\" \/>\n<meta property=\"og:type\" content=\"article\" \/>\n<meta property=\"og:title\" content=\"Nagrania-5 - Kongres Gospodarki Senioralnej\" \/>\n<meta property=\"og:description\" content=\"VIII Kongres Gospodarki Senioralnej11 wrze\u015bnia 2024 r. Nagrania uczestnik\u00f3w on-line0 go\u015bci na miejscu0 m\u00f3wc\u00f3w0 Osoby 50+ jako pracownicy przysz\u0142o\u015bci: szanse i wyzwania - prezentacja raportu z bada\u0144 &lt; Kto si\u0119 czuje dyskryminowany w pracy? Starsi, m\u0142odsi, a mo\u017ce wszyscy? Debata: Przeprojektowanie trzeciej \u0107wiartki.Nowa era dojrza\u0142o\u015bci &gt; #R\u00f3wne Szanse\" \/>\n<meta property=\"og:url\" content=\"https:\/\/www.kongresgospodarkisenioralnej.pl\/2024\/nagrania-5\" \/>\n<meta property=\"og:site_name\" content=\"Kongres Gospodarki Senioralnej\" \/>\n<meta name=\"twitter:card\" content=\"summary_large_image\" \/>\n<script type=\"application\/ld+json\" class=\"yoast-schema-graph\">{\"@context\":\"https:\/\/schema.org\",\"@graph\":[{\"@type\":\"WebPage\",\"@id\":\"https:\/\/www.kongresgospodarkisenioralnej.pl\/2024\/nagrania-5\",\"url\":\"https:\/\/www.kongresgospodarkisenioralnej.pl\/2024\/nagrania-5\",\"name\":\"Nagrania-5 - Kongres Gospodarki Senioralnej\",\"isPartOf\":{\"@id\":\"https:\/\/www.kongresgospodarkisenioralnej.pl\/2024\/#website\"},\"datePublished\":\"2024-09-13T13:09:44+00:00\",\"dateModified\":\"2024-09-13T13:09:44+00:00\",\"breadcrumb\":{\"@id\":\"https:\/\/www.kongresgospodarkisenioralnej.pl\/2024\/nagrania-5#breadcrumb\"},\"inLanguage\":\"pl-PL\",\"potentialAction\":[{\"@type\":\"ReadAction\",\"target\":[\"https:\/\/www.kongresgospodarkisenioralnej.pl\/2024\/nagrania-5\"]}]},{\"@type\":\"BreadcrumbList\",\"@id\":\"https:\/\/www.kongresgospodarkisenioralnej.pl\/2024\/nagrania-5#breadcrumb\",\"itemListElement\":[{\"@type\":\"ListItem\",\"position\":1,\"name\":\"Strona g\u0142\u00f3wna\",\"item\":\"https:\/\/www.kongresgospodarkisenioralnej.pl\/2024\/\"},{\"@type\":\"ListItem\",\"position\":2,\"name\":\"Nagrania-5\"}]},{\"@type\":\"WebSite\",\"@id\":\"https:\/\/www.kongresgospodarkisenioralnej.pl\/2024\/#website\",\"url\":\"https:\/\/www.kongresgospodarkisenioralnej.pl\/2024\/\",\"name\":\"Kongres Gospodarki Senioralnej\",\"description\":\"\",\"publisher\":{\"@id\":\"https:\/\/www.kongresgospodarkisenioralnej.pl\/2024\/#organization\"},\"potentialAction\":[{\"@type\":\"SearchAction\",\"target\":{\"@type\":\"EntryPoint\",\"urlTemplate\":\"https:\/\/www.kongresgospodarkisenioralnej.pl\/2024\/?s={search_term_string}\"},\"query-input\":{\"@type\":\"PropertyValueSpecification\",\"valueRequired\":true,\"valueName\":\"search_term_string\"}}],\"inLanguage\":\"pl-PL\"},{\"@type\":\"Organization\",\"@id\":\"https:\/\/www.kongresgospodarkisenioralnej.pl\/2024\/#organization\",\"name\":\"Kongres Gospodarki Senioralnej\",\"url\":\"https:\/\/www.kongresgospodarkisenioralnej.pl\/2024\/\",\"logo\":{\"@type\":\"ImageObject\",\"inLanguage\":\"pl-PL\",\"@id\":\"https:\/\/www.kongresgospodarkisenioralnej.pl\/2024\/#\/schema\/logo\/image\/\",\"url\":\"https:\/\/www.kongresgospodarkisenioralnej.pl\/2024\/wp-content\/uploads\/2024\/07\/logo_8kgs.png\",\"contentUrl\":\"https:\/\/www.kongresgospodarkisenioralnej.pl\/2024\/wp-content\/uploads\/2024\/07\/logo_8kgs.png\",\"width\":300,\"height\":100,\"caption\":\"Kongres Gospodarki Senioralnej\"},\"image\":{\"@id\":\"https:\/\/www.kongresgospodarkisenioralnej.pl\/2024\/#\/schema\/logo\/image\/\"}}]}<\/script>\n<!-- \/ Yoast SEO plugin. -->","yoast_head_json":{"title":"Nagrania-5 - Kongres Gospodarki Senioralnej","robots":{"index":"index","follow":"follow","max-snippet":"max-snippet:-1","max-image-preview":"max-image-preview:large","max-video-preview":"max-video-preview:-1"},"canonical":"https:\/\/www.kongresgospodarkisenioralnej.pl\/2024\/nagrania-5","og_locale":"pl_PL","og_type":"article","og_title":"Nagrania-5 - Kongres Gospodarki Senioralnej","og_description":"VIII Kongres Gospodarki Senioralnej11 wrze\u015bnia 2024 r. Nagrania uczestnik\u00f3w on-line0 go\u015bci na miejscu0 m\u00f3wc\u00f3w0 Osoby 50+ jako pracownicy przysz\u0142o\u015bci: szanse i wyzwania - prezentacja raportu z bada\u0144 &lt; Kto si\u0119 czuje dyskryminowany w pracy? Starsi, m\u0142odsi, a mo\u017ce wszyscy? Debata: Przeprojektowanie trzeciej \u0107wiartki.Nowa era dojrza\u0142o\u015bci &gt; #R\u00f3wne Szanse","og_url":"https:\/\/www.kongresgospodarkisenioralnej.pl\/2024\/nagrania-5","og_site_name":"Kongres Gospodarki Senioralnej","twitter_card":"summary_large_image","schema":{"@context":"https:\/\/schema.org","@graph":[{"@type":"WebPage","@id":"https:\/\/www.kongresgospodarkisenioralnej.pl\/2024\/nagrania-5","url":"https:\/\/www.kongresgospodarkisenioralnej.pl\/2024\/nagrania-5","name":"Nagrania-5 - Kongres Gospodarki Senioralnej","isPartOf":{"@id":"https:\/\/www.kongresgospodarkisenioralnej.pl\/2024\/#website"},"datePublished":"2024-09-13T13:09:44+00:00","dateModified":"2024-09-13T13:09:44+00:00","breadcrumb":{"@id":"https:\/\/www.kongresgospodarkisenioralnej.pl\/2024\/nagrania-5#breadcrumb"},"inLanguage":"pl-PL","potentialAction":[{"@type":"ReadAction","target":["https:\/\/www.kongresgospodarkisenioralnej.pl\/2024\/nagrania-5"]}]},{"@type":"BreadcrumbList","@id":"https:\/\/www.kongresgospodarkisenioralnej.pl\/2024\/nagrania-5#breadcrumb","itemListElement":[{"@type":"ListItem","position":1,"name":"Strona g\u0142\u00f3wna","item":"https:\/\/www.kongresgospodarkisenioralnej.pl\/2024\/"},{"@type":"ListItem","position":2,"name":"Nagrania-5"}]},{"@type":"WebSite","@id":"https:\/\/www.kongresgospodarkisenioralnej.pl\/2024\/#website","url":"https:\/\/www.kongresgospodarkisenioralnej.pl\/2024\/","name":"Kongres Gospodarki Senioralnej","description":"","publisher":{"@id":"https:\/\/www.kongresgospodarkisenioralnej.pl\/2024\/#organization"},"potentialAction":[{"@type":"SearchAction","target":{"@type":"EntryPoint","urlTemplate":"https:\/\/www.kongresgospodarkisenioralnej.pl\/2024\/?s={search_term_string}"},"query-input":{"@type":"PropertyValueSpecification","valueRequired":true,"valueName":"search_term_string"}}],"inLanguage":"pl-PL"},{"@type":"Organization","@id":"https:\/\/www.kongresgospodarkisenioralnej.pl\/2024\/#organization","name":"Kongres Gospodarki Senioralnej","url":"https:\/\/www.kongresgospodarkisenioralnej.pl\/2024\/","logo":{"@type":"ImageObject","inLanguage":"pl-PL","@id":"https:\/\/www.kongresgospodarkisenioralnej.pl\/2024\/#\/schema\/logo\/image\/","url":"https:\/\/www.kongresgospodarkisenioralnej.pl\/2024\/wp-content\/uploads\/2024\/07\/logo_8kgs.png","contentUrl":"https:\/\/www.kongresgospodarkisenioralnej.pl\/2024\/wp-content\/uploads\/2024\/07\/logo_8kgs.png","width":300,"height":100,"caption":"Kongres Gospodarki Senioralnej"},"image":{"@id":"https:\/\/www.kongresgospodarkisenioralnej.pl\/2024\/#\/schema\/logo\/image\/"}}]}},"_links":{"self":[{"href":"https:\/\/www.kongresgospodarkisenioralnej.pl\/2024\/wp-json\/wp\/v2\/pages\/2182","targetHints":{"allow":["GET"]}}],"collection":[{"href":"https:\/\/www.kongresgospodarkisenioralnej.pl\/2024\/wp-json\/wp\/v2\/pages"}],"about":[{"href":"https:\/\/www.kongresgospodarkisenioralnej.pl\/2024\/wp-json\/wp\/v2\/types\/page"}],"author":[{"embeddable":true,"href":"https:\/\/www.kongresgospodarkisenioralnej.pl\/2024\/wp-json\/wp\/v2\/users\/1"}],"replies":[{"embeddable":true,"href":"https:\/\/www.kongresgospodarkisenioralnej.pl\/2024\/wp-json\/wp\/v2\/comments?post=2182"}],"version-history":[{"count":1,"href":"https:\/\/www.kongresgospodarkisenioralnej.pl\/2024\/wp-json\/wp\/v2\/pages\/2182\/revisions"}],"predecessor-version":[{"id":2183,"href":"https:\/\/www.kongresgospodarkisenioralnej.pl\/2024\/wp-json\/wp\/v2\/pages\/2182\/revisions\/2183"}],"wp:attachment":[{"href":"https:\/\/www.kongresgospodarkisenioralnej.pl\/2024\/wp-json\/wp\/v2\/media?parent=2182"}],"curies":[{"name":"wp","href":"https:\/\/api.w.org\/{rel}","templated":true}]}}